{"id":72,"date":"2018-01-16T01:01:17","date_gmt":"2018-01-16T01:01:17","guid":{"rendered":"http:\/\/busborg.dk\/?page_id=72"},"modified":"2022-07-06T07:36:56","modified_gmt":"2022-07-06T07:36:56","slug":"videos","status":"publish","type":"page","link":"https:\/\/busborg.dk\/?page_id=72","title":{"rendered":"NOTONLY Video"},"content":{"rendered":"\t\t<div data-elementor-type=\"wp-page\" data-elementor-id=\"72\" class=\"elementor elementor-72\">\n\t\t\t\t\t\t<div class=\"elementor-inner\">\n\t\t\t\t<div class=\"elementor-section-wrap\">\n\t\t\t\t\t\t\t\t\t<section class=\"elementor-section elementor-top-section elementor-element elementor-element-108f8331 elementor-section-full_width elementor-section-content-middle elementor-section-height-default elementor-section-height-default\" data-id=\"108f8331\" data-element_type=\"section\" data-settings=\"{&quot;background_background&quot;:&quot;classic&quot;}\">\n\t\t\t\t\t\t<div class=\"elementor-container elementor-column-gap-extended\">\n\t\t\t\t\t\t\t<div class=\"elementor-row\">\n\t\t\t\t\t<div class=\"elementor-column elementor-col-100 elementor-top-column elementor-element elementor-element-fbd29aa\" data-id=\"fbd29aa\" data-element_type=\"column\">\n\t\t\t<div class=\"elementor-column-wrap elementor-element-populated\">\n\t\t\t\t\t\t\t<div class=\"elementor-widget-wrap\">\n\t\t\t\t\t\t<div class=\"elementor-element elementor-element-370043e elementor-widget elementor-widget-text-editor\" data-id=\"370043e\" data-element_type=\"widget\" data-widget_type=\"text-editor.default\">\n\t\t\t\t<div class=\"elementor-widget-container\">\n\t\t\t\t\t\t\t\t<div class=\"elementor-text-editor elementor-clearfix\">\n\t\t\t\t<p><span style=\"color: #5a5a5a; font-family: Open Sans, sans-serif;\"><span style=\"font-size: 14px; font-weight: normal; white-space: normal;\">Anvendelse af video som kommunikation er i dag et oplagt valg men for os er det budsabet der er vigtigt og ikke &#8220;leg med grej&#8221;. Vi elsker nyt leget\u00f8j MEN kun hvis de forbedre budskabet.<\/span><br \/><span style=\"color: #5a5a5a; font-family: Open Sans, sans-serif;\"><span style=\"font-size: 14px; font-weight: normal; white-space: normal;\">Du vil opleve at vi har en h\u00e5ndv\u00e6rksm\u00e6ssig og pragmatisk tilgang til videoproduktion, hvor vores faglighed spiller en afg\u00f8rende rolle i forhold til det perfekte resultat uanset om\u00a0<\/span><\/span><\/span><span style=\"color: #5a5a5a; font-family: Open Sans, sans-serif;\"><span style=\"caret-color: #5a5a5a;\">rollen er som producer, VJ, redigerings teknikker eller kameramand.<\/span><\/span><\/p><p><span style=\"color: #5a5a5a; font-family: 'Open Sans', sans-serif;\">Med den rigtige videoproduktion er mulighederne mange. Vi er specialiserede i at producere og tilpasse videoer til alle medieflader. Du<\/span><span style=\"color: #5a5a5a; font-family: 'Open Sans', sans-serif;\">\u00a0f\u00e5r derfor professionel hj\u00e6lp og vejledning.\u00a0<\/span><\/p><p><span style=\"color: #5a5a5a; font-family: Open Sans, sans-serif;\"><span style=\"color: #5a5a5a; font-family: Open Sans, sans-serif;\"><span style=\"color: #5a5a5a; font-family: Open Sans, sans-serif;\"><span style=\"font-size: 14px; font-weight: normal; white-space: normal;\"><span style=\"color: #5a5a5a; font-family: Open Sans, sans-serif;\"><span style=\"font-size: 14px; font-weight: normal; white-space: normal;\">Vores faglige tilgang betyder at vi har styr p\u00e5 teknik, lyd og lys, hvilket giver os frihed og r\u00e5derum til at arbejde med det visuelle og skabe unikke filmoplevelser til din m\u00e5lgruppe.<\/span><\/span><\/span><\/span><\/span><\/span><\/p><p><span style=\"color: #5a5a5a; font-family: 'Open Sans', sans-serif;\">Herunder viser vi forkortede versioner af de produktioner vi gennem tiden har bidraget til.<\/span><\/p><p><span style=\"color: #5a5a5a; font-family: Open Sans, sans-serif;\"><span style=\"font-size: 14px; font-weight: normal; white-space: normal;\">Men der er meget mere er\u00a0<\/span><\/span><a style=\"font-family: var( --e-global-typography-text-font-family ), Sans-serif;\" href=\"https:\/\/notonly.dk\/\" target=\"_blank\" rel=\"noopener\">NotOnly.dk<\/a><\/p>\t\t\t\t\t<\/div>\n\t\t\t\t\t\t<\/div>\n\t\t\t\t<\/div>\n\t\t\t\t<div class=\"elementor-element elementor-element-d065413 elementor-widget elementor-widget-heading\" data-id=\"d065413\" data-element_type=\"widget\" data-widget_type=\"heading.default\">\n\t\t\t\t<div class=\"elementor-widget-container\">\n\t\t\t<div class=\"elementor-heading-title elementor-size-large\"><a href=\"https:\/\/notonly.dk\">www.NotOnly.dk<\/a><\/div>\t\t<\/div>\n\t\t\t\t<\/div>\n\t\t\t\t<div class=\"elementor-element elementor-element-ca14bec elementor-aspect-ratio-169 elementor-widget elementor-widget-video\" data-id=\"ca14bec\" data-element_type=\"widget\" data-settings=\"{&quot;video_type&quot;:&quot;vimeo&quot;,&quot;aspect_ratio&quot;:&quot;169&quot;}\" data-widget_type=\"video.default\">\n\t\t\t\t<div class=\"elementor-widget-container\">\n\t\t\t\t\t<div class=\"elementor-wrapper elementor-fit-aspect-ratio elementor-open-inline\">\n\t\t\t<iframe class=\"elementor-video-iframe\" allowfullscreen title=\"vimeo videoafspiller\" src=\"https:\/\/player.vimeo.com\/video\/328133827?color&amp;autopause=0&amp;loop=0&amp;muted=0&amp;title=1&amp;portrait=1&amp;byline=0&amp;h=8eb3f3e33e#t=\"><\/iframe>\t\t<\/div>\n\t\t\t\t<\/div>\n\t\t\t\t<\/div>\n\t\t\t\t\t\t<\/div>\n\t\t\t\t\t<\/div>\n\t\t<\/div>\n\t\t\t\t\t\t\t\t<\/div>\n\t\t\t\t\t<\/div>\n\t\t<\/section>\n\t\t\t\t<section class=\"elementor-section elementor-top-section elementor-element elementor-element-a8dcf69 elementor-section-boxed elementor-section-height-default elementor-section-height-default\" data-id=\"a8dcf69\" data-element_type=\"section\">\n\t\t\t\t\t\t<div class=\"elementor-container elementor-column-gap-default\">\n\t\t\t\t\t\t\t<div class=\"elementor-row\">\n\t\t\t\t\t<div class=\"elementor-column elementor-col-100 elementor-top-column elementor-element elementor-element-e74d857\" data-id=\"e74d857\" data-element_type=\"column\">\n\t\t\t<div class=\"elementor-column-wrap\">\n\t\t\t\t\t\t\t<div class=\"elementor-widget-wrap\">\n\t\t\t\t\t\t\t\t<\/div>\n\t\t\t\t\t<\/div>\n\t\t<\/div>\n\t\t\t\t\t\t\t\t<\/div>\n\t\t\t\t\t<\/div>\n\t\t<\/section>\n\t\t\t\t\t\t\t\t\t<\/div>\n\t\t\t<\/div>\n\t\t\t\t\t<\/div>\n\t\t","protected":false},"excerpt":{"rendered":"<p>Anvendelse af video som kommunikation er i dag et oplagt valg men for os er det budsabet der er vigtigt og ikke &#8220;leg med grej&#8221;. Vi elsker nyt leget\u00f8j MEN kun hvis de forbedre budskabet.Du vil opleve at vi har en h\u00e5ndv\u00e6rksm\u00e6ssig og pragmatisk tilgang til videoproduktion, hvor vores faglighed spiller en afg\u00f8rende rolle i [&hellip;]<\/p>\n","protected":false},"author":1,"featured_media":0,"parent":0,"menu_order":0,"comment_status":"closed","ping_status":"closed","template":"elementor_header_footer","meta":[],"_links":{"self":[{"href":"https:\/\/busborg.dk\/index.php?rest_route=\/wp\/v2\/pages\/72"}],"collection":[{"href":"https:\/\/busborg.dk\/index.php?rest_route=\/wp\/v2\/pages"}],"about":[{"href":"https:\/\/busborg.dk\/index.php?rest_route=\/wp\/v2\/types\/page"}],"author":[{"embeddable":true,"href":"https:\/\/busborg.dk\/index.php?rest_route=\/wp\/v2\/users\/1"}],"replies":[{"embeddable":true,"href":"https:\/\/busborg.dk\/index.php?rest_route=%2Fwp%2Fv2%2Fcomments&post=72"}],"version-history":[{"count":148,"href":"https:\/\/busborg.dk\/index.php?rest_route=\/wp\/v2\/pages\/72\/revisions"}],"predecessor-version":[{"id":3544,"href":"https:\/\/busborg.dk\/index.php?rest_route=\/wp\/v2\/pages\/72\/revisions\/3544"}],"wp:attachment":[{"href":"https:\/\/busborg.dk\/index.php?rest_route=%2Fwp%2Fv2%2Fmedia&parent=72"}],"curies":[{"name":"wp","href":"https:\/\/api.w.org\/{rel}","templated":true}]}}