{"id":1764,"date":"2019-12-04T07:30:18","date_gmt":"2019-12-04T07:30:18","guid":{"rendered":"http:\/\/busborg.dk\/?page_id=1764"},"modified":"2022-04-01T06:03:59","modified_gmt":"2022-04-01T06:03:59","slug":"historien-bag","status":"publish","type":"page","link":"https:\/\/busborg.dk\/","title":{"rendered":"Vi visualiserer&#8230;.."},"content":{"rendered":"\t\t<div data-elementor-type=\"wp-page\" data-elementor-id=\"1764\" class=\"elementor elementor-1764\">\n\t\t\t\t\t\t<div class=\"elementor-inner\">\n\t\t\t\t<div class=\"elementor-section-wrap\">\n\t\t\t\t\t\t\t\t\t<section class=\"elementor-section elementor-top-section elementor-element elementor-element-79fa8e98 elementor-section-full_width elementor-section-height-default elementor-section-height-default\" data-id=\"79fa8e98\" data-element_type=\"section\" data-settings=\"{&quot;background_background&quot;:&quot;classic&quot;}\">\n\t\t\t\t\t\t\t<div class=\"elementor-background-overlay\"><\/div>\n\t\t\t\t\t\t\t<div class=\"elementor-container elementor-column-gap-default\">\n\t\t\t\t\t\t\t<div class=\"elementor-row\">\n\t\t\t\t\t<div class=\"elementor-column elementor-col-100 elementor-top-column elementor-element elementor-element-6e2ea6eb\" data-id=\"6e2ea6eb\" data-element_type=\"column\">\n\t\t\t<div class=\"elementor-column-wrap elementor-element-populated\">\n\t\t\t\t\t\t\t<div class=\"elementor-widget-wrap\">\n\t\t\t\t\t\t<div class=\"elementor-element elementor-element-cab8f77 elementor-widget elementor-widget-heading\" data-id=\"cab8f77\" data-element_type=\"widget\" data-widget_type=\"heading.default\">\n\t\t\t\t<div class=\"elementor-widget-container\">\n\t\t\t<h3 class=\"elementor-heading-title elementor-size-default\"><br><font color=\"#5a5a5a\" face=\"Open Sans, sans-serif\"><b><span style=\"font-size: 14px; white-space: normal;\">Visionen<\/span><span style=\"font-size: 14px; white-space: normal;\">.<\/span><\/b><\/font><br><font color=\"#5a5a5a\" face=\"Open Sans, sans-serif\"><span style=\"font-size: 14px; font-weight: normal; white-space: normal;\">Hos Busborg.dk er visuelle budskaber skabt med passion, pertentlighed og en us\u00e6dvanlig h\u00f8j grad af teknisk snilde.<\/span><\/font><br><font color=\"#5a5a5a\" face=\"Open Sans, sans-serif\"><span style=\"font-size: 14px; font-weight: normal; white-space: normal;\">Vigtigheden af at fokusere p\u00e5 lige pr\u00e6cis den detalje, der l\u00f8fter et udtryk fra at v\u00e6re godt til at blive et perfekt indtryk.<\/span><\/font><br><br><font color=\"#5a5a5a\" face=\"Open Sans, sans-serif\"><span style=\"font-size: 14px; white-space: normal;\"><b>N\u00e5r billeder fort\u00e6ller historier.<\/b><\/span><\/font><br><font color=\"#5a5a5a\" face=\"Open Sans, sans-serif\"><span style=\"font-size: 14px; font-weight: normal; white-space: normal;\">Det visuelle udtryk skal v\u00e6re s\u00e5 st\u00e6rkt som muligt.&nbsp;<\/span><\/font><br><font color=\"#5a5a5a\" face=\"Open Sans, sans-serif\"><span style=\"font-size: 14px; font-weight: normal; white-space: normal;\">Derfor vil du opleve, at vi er&nbsp;<\/span><\/font><font color=\"#5a5a5a\" face=\"Open Sans, sans-serif\"><span style=\"font-size: 14px; font-weight: normal; white-space: normal;\">nysgerrige ,s\u00e6tter os grundigt ind i hvilke historier du vil fort\u00e6lle og derefter g\u00e5r vi kompromisl\u00f8st efter det bedste til din opgave.<\/span><\/font><br><br><font color=\"#5a5a5a\" face=\"Open Sans, sans-serif\"><span style=\"font-size: 14px; white-space: normal;\"><b>Det &nbsp;Jyske ophav.<\/b><\/span><\/font><br><font color=\"#5a5a5a\" face=\"Open Sans, sans-serif\"><span style=\"font-size: 14px; font-weight: normal; white-space: normal;\">&nbsp;Fra basen i \u00f8stjylland leverer vi billede materiale i h\u00f8j kvalitet til virksomheder til anvendelse i store dele af verden.<\/span><\/font><br><font color=\"#5a5a5a\" face=\"Open Sans, sans-serif\"><span style=\"font-size: 14px; font-weight: normal; white-space: normal;\">&nbsp;Uanset om du skal bruge et STILL billeder til produkt-, reklame-, reportagefotografi<\/span><\/font><br><font color=\"#5a5a5a\" face=\"Open Sans, sans-serif\"><span style=\"font-size: 14px; font-weight: normal; white-space: normal;\">&nbsp;eller<\/span><\/font><br><font color=\"#5a5a5a\" face=\"Open Sans, sans-serif\"><span style=\"font-size: 14px; font-weight: normal; white-space: normal;\">&nbsp;VIDEO som instruktions-, sikkerheds-, dokumentarfilm,<\/span><\/font><br><font color=\"#5a5a5a\" face=\"Open Sans, sans-serif\"><span style=\"font-size: 14px; font-weight: normal; white-space: normal;\">s\u00e5 deltager vi med erfaring, know-how og udstyr til at l\u00f8fte opgaven professionelt og hurtigt.<\/span><\/font><br><br><font color=\"#5a5a5a\" face=\"Open Sans, sans-serif\"><span style=\"font-size: 14px; font-weight: normal; white-space: normal;\">&nbsp; <\/span><\/font><i><font color=\"#5a5a5a\" face=\"Open Sans, sans-serif\"><span style=\"font-size: 14px; font-weight: normal; white-space: normal;\">\"Den evne, som billeder, detaljer og stemninger har til at formidle budskaber, er for mig, enest\u00e5ende.<\/span><\/font>&nbsp;<\/i><font color=\"#5a5a5a\" face=\"Open Sans, sans-serif\"><span style=\"font-size: 14px; font-weight: normal; white-space: normal;\"><i>Derfor er det perfekte udtryk&nbsp;<\/i><\/span><\/font><br><font color=\"#5a5a5a\" face=\"Open Sans, sans-serif\"><span style=\"font-size: 14px; font-weight: normal; white-space: normal;\"><i>altid m\u00e5let med mit arbejde.\"&nbsp;<\/i>&nbsp;<\/span><\/font><br><font color=\"#5a5a5a\" face=\"Open Sans, sans-serif\"><span style=\"font-size: 14px; font-weight: normal; white-space: normal;\">&nbsp;\/Martin Busborg, indehaver af Busborg.dk\n<\/span><\/font> <span data-elementor-setting-key=\"title\" data-pen-placeholder=\"Skriv her...\" style=\"clear: both; word-wrap: break-word;\"><font color=\"#5a5a5a\" face=\"Open Sans, sans-serif\"><span style=\"font-size: 14px; font-weight: normal; white-space: normal;\"><span style=\"font-style: italic;\"><\/span><\/span><\/font><\/span><\/h3>\t\t<\/div>\n\t\t\t\t<\/div>\n\t\t\t\t<div class=\"elementor-element elementor-element-7f8baed elementor-hidden-mobile elementor--h-position-center elementor--v-position-middle elementor-widget elementor-widget-slides\" data-id=\"7f8baed\" data-element_type=\"widget\" data-settings=\"{&quot;navigation&quot;:&quot;none&quot;,&quot;transition&quot;:&quot;fade&quot;,&quot;transition_speed&quot;:2500,&quot;autoplay&quot;:&quot;yes&quot;,&quot;pause_on_hover&quot;:&quot;yes&quot;,&quot;pause_on_interaction&quot;:&quot;yes&quot;,&quot;autoplay_speed&quot;:5000,&quot;infinite&quot;:&quot;yes&quot;}\" data-widget_type=\"slides.default\">\n\t\t\t\t<div class=\"elementor-widget-container\">\n\t\t\t\t\t<div class=\"elementor-swiper\">\n\t\t\t<div class=\"elementor-slides-wrapper elementor-main-swiper swiper-container\" dir=\"ltr\" data-animation=\"fadeInUp\">\n\t\t\t\t<div class=\"swiper-wrapper elementor-slides\">\n\t\t\t\t\t\t\t\t\t\t<div class=\"elementor-repeater-item-da21eb9 swiper-slide\"><div class=\"swiper-slide-bg\"><\/div><div class=\"swiper-slide-inner\" ><div class=\"swiper-slide-contents\"><\/div><\/div><\/div><div class=\"elementor-repeater-item-48f42c9 swiper-slide\"><div class=\"swiper-slide-bg\"><\/div><div class=\"swiper-slide-inner\" ><div class=\"swiper-slide-contents\"><\/div><\/div><\/div><div class=\"elementor-repeater-item-5435399 swiper-slide\"><div class=\"swiper-slide-bg\"><\/div><div class=\"swiper-slide-inner\" ><div class=\"swiper-slide-contents\"><\/div><\/div><\/div><div class=\"elementor-repeater-item-a8dbecc swiper-slide\"><div class=\"swiper-slide-bg\"><\/div><div class=\"swiper-slide-inner\" ><div class=\"swiper-slide-contents\"><\/div><\/div><\/div>\t\t\t\t<\/div>\n\t\t\t\t\t\t\t\t\t\t\t\t\t\t\t\t\t\t\t\t\t<\/div>\n\t\t<\/div>\n\t\t\t\t<\/div>\n\t\t\t\t<\/div>\n\t\t\t\t\t\t<\/div>\n\t\t\t\t\t<\/div>\n\t\t<\/div>\n\t\t\t\t\t\t\t\t<\/div>\n\t\t\t\t\t<\/div>\n\t\t<\/section>\n\t\t\t\t\t\t\t\t\t<\/div>\n\t\t\t<\/div>\n\t\t\t\t\t<\/div>\n\t\t","protected":false},"excerpt":{"rendered":"<p>Visionen.Hos Busborg.dk er visuelle budskaber skabt med passion, pertentlighed og en us\u00e6dvanlig h\u00f8j grad af teknisk snilde.Vigtigheden af at fokusere p\u00e5 lige pr\u00e6cis den detalje, der l\u00f8fter et udtryk fra at v\u00e6re godt til at blive et perfekt indtryk. N\u00e5r billeder fort\u00e6ller historier.Det visuelle udtryk skal v\u00e6re s\u00e5 st\u00e6rkt som muligt.&nbsp;Derfor vil du opleve, at [&hellip;]<\/p>\n","protected":false},"author":1,"featured_media":0,"parent":0,"menu_order":0,"comment_status":"closed","ping_status":"closed","template":"elementor_header_footer","meta":[],"_links":{"self":[{"href":"https:\/\/busborg.dk\/index.php?rest_route=\/wp\/v2\/pages\/1764"}],"collection":[{"href":"https:\/\/busborg.dk\/index.php?rest_route=\/wp\/v2\/pages"}],"about":[{"href":"https:\/\/busborg.dk\/index.php?rest_route=\/wp\/v2\/types\/page"}],"author":[{"embeddable":true,"href":"https:\/\/busborg.dk\/index.php?rest_route=\/wp\/v2\/users\/1"}],"replies":[{"embeddable":true,"href":"https:\/\/busborg.dk\/index.php?rest_route=%2Fwp%2Fv2%2Fcomments&post=1764"}],"version-history":[{"count":305,"href":"https:\/\/busborg.dk\/index.php?rest_route=\/wp\/v2\/pages\/1764\/revisions"}],"predecessor-version":[{"id":3524,"href":"https:\/\/busborg.dk\/index.php?rest_route=\/wp\/v2\/pages\/1764\/revisions\/3524"}],"wp:attachment":[{"href":"https:\/\/busborg.dk\/index.php?rest_route=%2Fwp%2Fv2%2Fmedia&parent=1764"}],"curies":[{"name":"wp","href":"https:\/\/api.w.org\/{rel}","templated":true}]}}